{"id":3959,"date":"2025-10-12T09:40:51","date_gmt":"2025-10-12T07:40:51","guid":{"rendered":"https:\/\/kikaxdesign.hr\/?post_type=product&#038;p=3959"},"modified":"2025-12-12T12:03:02","modified_gmt":"2025-12-12T11:03:02","slug":"drvene-puzzle-srce-pzss-21x15-19k","status":"publish","type":"product","link":"https:\/\/kikaxdesign.hr\/de\/product\/drvene-puzzle-srce-pzss-21x15-19k\/","title":{"rendered":"Holzpuzzle Herz PZs+S-21\u00d715 19k"},"content":{"rendered":"<p>Malpuzzles aus Holz bestehen aus einem Holzsockel und einem Rahmen, der die Puzzleteile zusammenh\u00e4lt und \u00fcber eine Eck\u00f6ffnung zum leichteren Herausnehmen des ersten Puzzleteils verf\u00fcgt. Neben klassischen rechteckigen Puzzles gibt es auch solche in unregelm\u00e4\u00dfigen Formen wie Oval und Herz sowie gro\u00dfe Puzzleb\u00e4ume, die sich als G\u00e4steb\u00fccher f\u00fcr Hochzeiten eignen.<\/p>","protected":false},"excerpt":{"rendered":"<p>Drvene puzzle u obliku srca sa drvenom podlogom.<\/p>","protected":false},"featured_media":3960,"template":"","meta":{"_acf_changed":false},"product_brand":[],"product_cat":[97],"product_tag":[],"class_list":{"0":"post-3959","1":"product","2":"type-product","3":"status-publish","4":"has-post-thumbnail","6":"product_cat-drvene-drustvene-igre","8":"first","9":"instock","10":"taxable","11":"shipping-taxable","12":"product-type-bundle"},"bundled_by":[],"bundle_stock_status":"instock","bundle_stock_quantity":"","bundle_virtual":false,"bundle_layout":"default","bundle_add_to_cart_form_location":"default","bundle_editable_in_cart":false,"bundle_sold_individually_context":"product","bundle_item_grouping":"parent","bundle_min_size":"","bundle_max_size":"","bundle_price":{"price":{"min":{"incl_tax":"8.23","excl_tax":"6.58"},"max":{"incl_tax":"16.53","excl_tax":"13.22"}},"regular_price":{"min":{"incl_tax":"8.23","excl_tax":"6.58"},"max":{"incl_tax":"16.53","excl_tax":"13.22"}}},"bundled_items":[{"bundled_item_id":283,"product_id":3515,"menu_order":0,"quantity_min":1,"quantity_max":1,"quantity_default":1,"priced_individually":true,"shipped_individually":true,"override_title":false,"title":"Lasergravur von Logos oder Inschriften","override_description":false,"description":"","optional":true,"hide_thumbnail":false,"discount":"","override_variations":false,"allowed_variations":[],"override_default_variation_attributes":false,"default_variation_attributes":[],"single_product_visibility":"visible","cart_visibility":"visible","order_visibility":"visible","single_product_price_visibility":"visible","cart_price_visibility":"visible","order_price_visibility":"visible","stock_status":"in_stock"}],"bundle_sell_ids":[],"exclude_global_add_ons":[],"addons":[],"acf":[],"_links":{"self":[{"href":"https:\/\/kikaxdesign.hr\/de\/wp-json\/wp\/v2\/product\/3959","targetHints":{"allow":["GET"]}}],"collection":[{"href":"https:\/\/kikaxdesign.hr\/de\/wp-json\/wp\/v2\/product"}],"about":[{"href":"https:\/\/kikaxdesign.hr\/de\/wp-json\/wp\/v2\/types\/product"}],"wp:featuredmedia":[{"embeddable":true,"href":"https:\/\/kikaxdesign.hr\/de\/wp-json\/wp\/v2\/media\/3960"}],"wp:attachment":[{"href":"https:\/\/kikaxdesign.hr\/de\/wp-json\/wp\/v2\/media?parent=3959"}],"wp:term":[{"taxonomy":"product_brand","embeddable":true,"href":"https:\/\/kikaxdesign.hr\/de\/wp-json\/wp\/v2\/product_brand?post=3959"},{"taxonomy":"product_cat","embeddable":true,"href":"https:\/\/kikaxdesign.hr\/de\/wp-json\/wp\/v2\/product_cat?post=3959"},{"taxonomy":"product_tag","embeddable":true,"href":"https:\/\/kikaxdesign.hr\/de\/wp-json\/wp\/v2\/product_tag?post=3959"}],"curies":[{"name":"wp","href":"https:\/\/api.w.org\/{rel}","templated":true}]}}