{"id":3947,"date":"2025-10-12T09:14:57","date_gmt":"2025-10-12T07:14:57","guid":{"rendered":"https:\/\/kikaxdesign.hr\/?post_type=product&#038;p=3947"},"modified":"2026-01-25T19:16:39","modified_gmt":"2026-01-25T18:16:39","slug":"drvena-kutija-k-313n","status":"publish","type":"product","link":"https:\/\/kikaxdesign.hr\/de\/product\/drvena-kutija-k-313n\/","title":{"rendered":"Holzbuch aus Naturholz K-313n"},"content":{"rendered":"<p>Das Buch aus Naturholz ist aufgrund seiner nat\u00fcrlichen Oberfl\u00e4che, die alle Arten von Farben und Lacken aufnimmt, ein ideales Substrat f\u00fcr die Lasergravur oder f\u00fcr Ihre eigene anschlie\u00dfende Veredelung mit verschiedenen Techniken.<\/p>\n<p>&nbsp;<\/p>","protected":false},"excerpt":{"rendered":"<p>Das Buch aus Naturholz ist aufgrund seiner nat\u00fcrlichen Oberfl\u00e4che, die alle Arten von Farben und Lacken aufnimmt, ein ideales Substrat f\u00fcr die Lasergravur oder f\u00fcr Ihre eigene anschlie\u00dfende Veredelung mit verschiedenen Techniken.<\/p>\n<p>Es wird mit unserem patentierten Metallverschluss hergestellt, der das Buch mit einem Lesezeichen-\u00e4hnlichen Scharnier \u00f6ffnet, indem man es vor dem \u00d6ffnen der Seite nach rechts zieht. Das Schlie\u00dfen erfolgt in umgekehrter Reihenfolge.<\/p>","protected":false},"featured_media":3948,"template":"","meta":{"_acf_changed":false},"product_brand":[],"product_cat":[98],"product_tag":[],"class_list":{"0":"post-3947","1":"product","2":"type-product","3":"status-publish","4":"has-post-thumbnail","6":"product_cat-drvene-knjige","8":"first","9":"instock","10":"taxable","11":"shipping-taxable","12":"product-type-bundle"},"bundled_by":[],"bundle_stock_status":"instock","bundle_stock_quantity":"","bundle_virtual":false,"bundle_layout":"default","bundle_add_to_cart_form_location":"default","bundle_editable_in_cart":false,"bundle_sold_individually_context":"product","bundle_item_grouping":"parent","bundle_min_size":"","bundle_max_size":"","bundle_price":{"price":{"min":{"incl_tax":"16.21","excl_tax":"12.97"},"max":{"incl_tax":"24.51","excl_tax":"19.61"}},"regular_price":{"min":{"incl_tax":"16.21","excl_tax":"12.97"},"max":{"incl_tax":"24.51","excl_tax":"19.61"}}},"bundled_items":[{"bundled_item_id":275,"product_id":3515,"menu_order":0,"quantity_min":1,"quantity_max":1,"quantity_default":1,"priced_individually":true,"shipped_individually":true,"override_title":false,"title":"Lasergravur von Logos oder Inschriften","override_description":false,"description":"","optional":true,"hide_thumbnail":false,"discount":"","override_variations":false,"allowed_variations":[],"override_default_variation_attributes":false,"default_variation_attributes":[],"single_product_visibility":"visible","cart_visibility":"visible","order_visibility":"visible","single_product_price_visibility":"visible","cart_price_visibility":"visible","order_price_visibility":"visible","stock_status":"in_stock"}],"bundle_sell_ids":[],"exclude_global_add_ons":[],"addons":[],"acf":[],"_links":{"self":[{"href":"https:\/\/kikaxdesign.hr\/de\/wp-json\/wp\/v2\/product\/3947","targetHints":{"allow":["GET"]}}],"collection":[{"href":"https:\/\/kikaxdesign.hr\/de\/wp-json\/wp\/v2\/product"}],"about":[{"href":"https:\/\/kikaxdesign.hr\/de\/wp-json\/wp\/v2\/types\/product"}],"wp:featuredmedia":[{"embeddable":true,"href":"https:\/\/kikaxdesign.hr\/de\/wp-json\/wp\/v2\/media\/3948"}],"wp:attachment":[{"href":"https:\/\/kikaxdesign.hr\/de\/wp-json\/wp\/v2\/media?parent=3947"}],"wp:term":[{"taxonomy":"product_brand","embeddable":true,"href":"https:\/\/kikaxdesign.hr\/de\/wp-json\/wp\/v2\/product_brand?post=3947"},{"taxonomy":"product_cat","embeddable":true,"href":"https:\/\/kikaxdesign.hr\/de\/wp-json\/wp\/v2\/product_cat?post=3947"},{"taxonomy":"product_tag","embeddable":true,"href":"https:\/\/kikaxdesign.hr\/de\/wp-json\/wp\/v2\/product_tag?post=3947"}],"curies":[{"name":"wp","href":"https:\/\/api.w.org\/{rel}","templated":true}]}}