{"id":3938,"date":"2025-10-12T09:09:32","date_gmt":"2025-10-12T07:09:32","guid":{"rendered":"https:\/\/kikaxdesign.hr\/?post_type=product&#038;p=3938"},"modified":"2026-01-14T13:59:05","modified_gmt":"2026-01-14T12:59:05","slug":"drvena-knjiga-k-313n","status":"publish","type":"product","link":"https:\/\/kikaxdesign.hr\/de\/product\/drvena-knjiga-k-313n\/","title":{"rendered":"Gro\u00dfes Holzbuch K-313a"},"content":{"rendered":"<p>Wir stellen Holzb\u00fccher mit unserem patentierten Verschluss in zwei Standardgr\u00f6\u00dfen her. Sie eignen sich ideal f\u00fcr die CNC-Gravur von Titeln.\u00a0 Sie dienen als einzigartige H\u00fclle f\u00fcr Geldgeschenke in einem Umschlag, zur Kommunion, Taufe, Hochzeit, zum Geburtstag (das kleinere Modell) oder als Sektglas f\u00fcr das Brautpaar oder f\u00fcr andere etwas gr\u00f6\u00dfere Inhalte (das gr\u00f6\u00dfere Modell).<\/p>\n<p>Es wird mit unserem patentierten Metallverschluss hergestellt, der das Buch mit einem Lesezeichen-\u00e4hnlichen Scharnier \u00f6ffnet, indem man es vor dem \u00d6ffnen der Seite nach rechts zieht. Das Schlie\u00dfen erfolgt in umgekehrter Reihenfolge.<\/p>","protected":false},"excerpt":{"rendered":"<p>Wir stellen Holzb\u00fccher mit unserem patentierten Verschluss in zwei Standardgr\u00f6\u00dfen her. Sie eignen sich ideal f\u00fcr die CNC-Gravur von Titeln.\u00a0 Sie dienen als einzigartige H\u00fclle f\u00fcr Geldgeschenke in einem Umschlag, zur Kommunion, Taufe, Hochzeit, zum Geburtstag (das kleinere Modell) oder als Sektglas f\u00fcr das Brautpaar oder f\u00fcr andere etwas gr\u00f6\u00dfere Inhalte (das gr\u00f6\u00dfere Modell).Die Briten","protected":false},"featured_media":3937,"template":"","meta":{"_acf_changed":false},"product_brand":[],"product_cat":[98],"product_tag":[],"class_list":{"0":"post-3938","1":"product","2":"type-product","3":"status-publish","4":"has-post-thumbnail","6":"product_cat-drvene-knjige","8":"first","9":"instock","10":"taxable","11":"shipping-taxable","12":"product-type-bundle"},"bundled_by":[],"bundle_stock_status":"instock","bundle_stock_quantity":"","bundle_virtual":false,"bundle_layout":"default","bundle_add_to_cart_form_location":"default","bundle_editable_in_cart":false,"bundle_sold_individually_context":"product","bundle_item_grouping":"parent","bundle_min_size":"","bundle_max_size":"","bundle_price":{"price":{"min":{"incl_tax":"18.33","excl_tax":"14.66"},"max":{"incl_tax":"28.28","excl_tax":"22.62"}},"regular_price":{"min":{"incl_tax":"18.33","excl_tax":"14.66"},"max":{"incl_tax":"28.28","excl_tax":"22.62"}}},"bundled_items":[{"bundled_item_id":1249,"product_id":5943,"menu_order":0,"quantity_min":1,"quantity_max":1,"quantity_default":1,"priced_individually":true,"shipped_individually":true,"override_title":false,"title":"3D-CNC-Gravur","override_description":false,"description":"","optional":true,"hide_thumbnail":false,"discount":"","override_variations":false,"allowed_variations":[],"override_default_variation_attributes":false,"default_variation_attributes":[],"single_product_visibility":"visible","cart_visibility":"visible","order_visibility":"visible","single_product_price_visibility":"visible","cart_price_visibility":"visible","order_price_visibility":"visible","stock_status":"in_stock"}],"bundle_sell_ids":[],"exclude_global_add_ons":[],"addons":[],"acf":[],"_links":{"self":[{"href":"https:\/\/kikaxdesign.hr\/de\/wp-json\/wp\/v2\/product\/3938","targetHints":{"allow":["GET"]}}],"collection":[{"href":"https:\/\/kikaxdesign.hr\/de\/wp-json\/wp\/v2\/product"}],"about":[{"href":"https:\/\/kikaxdesign.hr\/de\/wp-json\/wp\/v2\/types\/product"}],"wp:featuredmedia":[{"embeddable":true,"href":"https:\/\/kikaxdesign.hr\/de\/wp-json\/wp\/v2\/media\/3937"}],"wp:attachment":[{"href":"https:\/\/kikaxdesign.hr\/de\/wp-json\/wp\/v2\/media?parent=3938"}],"wp:term":[{"taxonomy":"product_brand","embeddable":true,"href":"https:\/\/kikaxdesign.hr\/de\/wp-json\/wp\/v2\/product_brand?post=3938"},{"taxonomy":"product_cat","embeddable":true,"href":"https:\/\/kikaxdesign.hr\/de\/wp-json\/wp\/v2\/product_cat?post=3938"},{"taxonomy":"product_tag","embeddable":true,"href":"https:\/\/kikaxdesign.hr\/de\/wp-json\/wp\/v2\/product_tag?post=3938"}],"curies":[{"name":"wp","href":"https:\/\/api.w.org\/{rel}","templated":true}]}}