{"id":3890,"date":"2025-10-12T00:14:16","date_gmt":"2025-10-11T22:14:16","guid":{"rendered":"https:\/\/kikaxdesign.hr\/?post_type=product&#038;p=3890"},"modified":"2026-01-05T13:51:40","modified_gmt":"2026-01-05T12:51:40","slug":"drveni-okvir-za-fotografije-rl-122e","status":"publish","type":"product","link":"https:\/\/kikaxdesign.hr\/de\/product\/drveni-okvir-za-fotografije-rl-122e\/","title":{"rendered":"Holzfotorahmen RL-122e"},"content":{"rendered":"<p>Bilderrahmen aus Holzsperrholz mit lasergeschnittenen Kindermotiven sind ein ideales Geburtstagsgeschenk. Sie bestehen nicht aus Glas, sondern aus Plexiglas, sodass auch Kinder sie problemlos und gefahrlos selbst bemalen k\u00f6nnen. Alle Rahmen haben eine vorgebohrte \u00d6ffnung zum Aufh\u00e4ngen \u2013 je nach gew\u00fcnschter Position des Bildes. Das Foto wird einfach zusammen mit dem Plexiglas in die daf\u00fcr vorgesehene Nut eingesetzt.<\/p>","protected":false},"excerpt":{"rendered":"<p>Holzrahmen mit Plexiglas und verschiedenen Kindermotiven<\/p>","protected":false},"featured_media":6557,"template":"","meta":{"_acf_changed":false},"product_brand":[],"product_cat":[105],"product_tag":[],"class_list":{"0":"post-3890","1":"product","2":"type-product","3":"status-publish","4":"has-post-thumbnail","6":"product_cat-drveni-okviri","8":"first","9":"instock","10":"taxable","11":"shipping-taxable","12":"product-type-bundle"},"bundled_by":[],"bundle_stock_status":"instock","bundle_stock_quantity":"","bundle_virtual":false,"bundle_layout":"default","bundle_add_to_cart_form_location":"default","bundle_editable_in_cart":false,"bundle_sold_individually_context":"product","bundle_item_grouping":"parent","bundle_min_size":"","bundle_max_size":"","bundle_price":{"price":{"min":{"incl_tax":"5.13","excl_tax":"4.10"},"max":{"incl_tax":"13.43","excl_tax":"10.74"}},"regular_price":{"min":{"incl_tax":"5.13","excl_tax":"4.10"},"max":{"incl_tax":"13.43","excl_tax":"10.74"}}},"bundled_items":[{"bundled_item_id":233,"product_id":3515,"menu_order":0,"quantity_min":1,"quantity_max":1,"quantity_default":1,"priced_individually":true,"shipped_individually":true,"override_title":false,"title":"Lasergravur von Logos oder Inschriften","override_description":false,"description":"","optional":true,"hide_thumbnail":false,"discount":"","override_variations":false,"allowed_variations":[],"override_default_variation_attributes":false,"default_variation_attributes":[],"single_product_visibility":"visible","cart_visibility":"visible","order_visibility":"visible","single_product_price_visibility":"visible","cart_price_visibility":"visible","order_price_visibility":"visible","stock_status":"in_stock"}],"bundle_sell_ids":[],"exclude_global_add_ons":[],"addons":[],"acf":[],"_links":{"self":[{"href":"https:\/\/kikaxdesign.hr\/de\/wp-json\/wp\/v2\/product\/3890","targetHints":{"allow":["GET"]}}],"collection":[{"href":"https:\/\/kikaxdesign.hr\/de\/wp-json\/wp\/v2\/product"}],"about":[{"href":"https:\/\/kikaxdesign.hr\/de\/wp-json\/wp\/v2\/types\/product"}],"wp:featuredmedia":[{"embeddable":true,"href":"https:\/\/kikaxdesign.hr\/de\/wp-json\/wp\/v2\/media\/6557"}],"wp:attachment":[{"href":"https:\/\/kikaxdesign.hr\/de\/wp-json\/wp\/v2\/media?parent=3890"}],"wp:term":[{"taxonomy":"product_brand","embeddable":true,"href":"https:\/\/kikaxdesign.hr\/de\/wp-json\/wp\/v2\/product_brand?post=3890"},{"taxonomy":"product_cat","embeddable":true,"href":"https:\/\/kikaxdesign.hr\/de\/wp-json\/wp\/v2\/product_cat?post=3890"},{"taxonomy":"product_tag","embeddable":true,"href":"https:\/\/kikaxdesign.hr\/de\/wp-json\/wp\/v2\/product_tag?post=3890"}],"curies":[{"name":"wp","href":"https:\/\/api.w.org\/{rel}","templated":true}]}}