{"id":3878,"date":"2025-10-12T00:02:59","date_gmt":"2025-10-11T22:02:59","guid":{"rendered":"https:\/\/kikaxdesign.hr\/?post_type=product&#038;p=3878"},"modified":"2025-12-12T12:14:06","modified_gmt":"2025-12-12T11:14:06","slug":"drveni-okvir-masiv-r-116v","status":"publish","type":"product","link":"https:\/\/kikaxdesign.hr\/de\/product\/drveni-okvir-masiv-r-116v\/","title":{"rendered":"Massivholzrahmen R-116V"},"content":{"rendered":"<p>Massivholzrahmen werden standardm\u00e4\u00dfig mit einem Metallaufh\u00e4nger und einem klappbaren Holzst\u00e4nder f\u00fcr die Tischaufstellung geliefert. Das Foto l\u00e4sst sich leicht einlegen und herausnehmen, indem man die Metallkn\u00f6pfe auf der R\u00fcckseite dreht und die Holzr\u00fcckwand abnimmt. Die Rahmen sind mit 2 mm starkem Glas ausgestattet; bei gr\u00f6\u00dferen Mengen kann gegen Aufpreis entspiegeltes Glas eingesetzt werden. Sie werden in verschiedenen Gr\u00f6\u00dfen und Lamellenbreiten hergestellt; die Modelle R-111 sind 4 cm breit, w\u00e4hrend die Modelle R-116 6 cm breit sind. Eine Besonderheit ist der \u201cShutter\u201d-Rahmen, Modell R-114SK, der mit zwei klappbaren Verschlussklappen geschlossen wird.<\/p>","protected":false},"excerpt":{"rendered":"<p>Massivholzrahmen mit Glas, einem Aufh\u00e4ngehaken und einem Fu\u00df.<\/p>","protected":false},"featured_media":3879,"template":"","meta":{"_acf_changed":false},"product_brand":[],"product_cat":[105],"product_tag":[],"class_list":{"0":"post-3878","1":"product","2":"type-product","3":"status-publish","4":"has-post-thumbnail","6":"product_cat-drveni-okviri","8":"first","9":"instock","10":"taxable","11":"shipping-taxable","12":"product-type-bundle"},"bundled_by":[],"bundle_stock_status":"instock","bundle_stock_quantity":"","bundle_virtual":false,"bundle_layout":"default","bundle_add_to_cart_form_location":"default","bundle_editable_in_cart":false,"bundle_sold_individually_context":"product","bundle_item_grouping":"parent","bundle_min_size":"","bundle_max_size":"","bundle_price":{"price":{"min":{"incl_tax":"7.23","excl_tax":"5.78"},"max":{"incl_tax":"15.53","excl_tax":"12.42"}},"regular_price":{"min":{"incl_tax":"7.23","excl_tax":"5.78"},"max":{"incl_tax":"15.53","excl_tax":"12.42"}}},"bundled_items":[{"bundled_item_id":223,"product_id":3515,"menu_order":0,"quantity_min":1,"quantity_max":1,"quantity_default":1,"priced_individually":true,"shipped_individually":true,"override_title":false,"title":"Lasergravur von Logos oder Inschriften","override_description":false,"description":"","optional":true,"hide_thumbnail":false,"discount":"","override_variations":false,"allowed_variations":[],"override_default_variation_attributes":false,"default_variation_attributes":[],"single_product_visibility":"visible","cart_visibility":"visible","order_visibility":"visible","single_product_price_visibility":"visible","cart_price_visibility":"visible","order_price_visibility":"visible","stock_status":"in_stock"}],"bundle_sell_ids":[],"exclude_global_add_ons":[],"addons":[],"acf":[],"_links":{"self":[{"href":"https:\/\/kikaxdesign.hr\/de\/wp-json\/wp\/v2\/product\/3878","targetHints":{"allow":["GET"]}}],"collection":[{"href":"https:\/\/kikaxdesign.hr\/de\/wp-json\/wp\/v2\/product"}],"about":[{"href":"https:\/\/kikaxdesign.hr\/de\/wp-json\/wp\/v2\/types\/product"}],"wp:featuredmedia":[{"embeddable":true,"href":"https:\/\/kikaxdesign.hr\/de\/wp-json\/wp\/v2\/media\/3879"}],"wp:attachment":[{"href":"https:\/\/kikaxdesign.hr\/de\/wp-json\/wp\/v2\/media?parent=3878"}],"wp:term":[{"taxonomy":"product_brand","embeddable":true,"href":"https:\/\/kikaxdesign.hr\/de\/wp-json\/wp\/v2\/product_brand?post=3878"},{"taxonomy":"product_cat","embeddable":true,"href":"https:\/\/kikaxdesign.hr\/de\/wp-json\/wp\/v2\/product_cat?post=3878"},{"taxonomy":"product_tag","embeddable":true,"href":"https:\/\/kikaxdesign.hr\/de\/wp-json\/wp\/v2\/product_tag?post=3878"}],"curies":[{"name":"wp","href":"https:\/\/api.w.org\/{rel}","templated":true}]}}