{"id":3846,"date":"2025-10-11T23:00:50","date_gmt":"2025-10-11T21:00:50","guid":{"rendered":"https:\/\/kikaxdesign.hr\/?post_type=product&#038;p=3846"},"modified":"2025-12-04T12:02:59","modified_gmt":"2025-12-04T11:02:59","slug":"drveni-kutija-za-prsut-k-111p","status":"publish","type":"product","link":"https:\/\/kikaxdesign.hr\/de\/product\/drveni-kutija-za-prsut-k-111p\/","title":{"rendered":"Holzbox f\u00fcr Prosciutto K-111P"},"content":{"rendered":"<p>Eine Holzkiste, wie beispielsweise eine Prosciutto-Kiste, ist eine praktische, tragbare Verpackung. Ein zus\u00e4tzlicher Griff an einer Standardkiste verleiht Holzverpackungen sowohl \u00e4sthetisch als auch praktisch eine neue Dimension. Die Prosciutto-Kiste mit ihren unregelm\u00e4\u00dfigen Seiten ist in ihrer Funktion und ihrem Design einzigartig auf dem Markt, und ihre Abmessungen bieten ausreichend Platz selbst f\u00fcr die gr\u00f6\u00dften Prosciuttos sowie f\u00fcr zus\u00e4tzliche Weinflaschen.<\/p>","protected":false},"excerpt":{"rendered":"<p>Geschenkbox aus Holz f\u00fcr Prosciutto<\/p>","protected":false},"featured_media":3847,"template":"","meta":{"_acf_changed":false},"product_brand":[],"product_cat":[70],"product_tag":[],"class_list":{"0":"post-3846","1":"product","2":"type-product","3":"status-publish","4":"has-post-thumbnail","6":"product_cat-drveni-kovcezi-i-kutije-za-prsut","8":"first","9":"instock","10":"taxable","11":"shipping-taxable","12":"product-type-bundle"},"bundled_by":[],"bundle_stock_status":"instock","bundle_stock_quantity":"","bundle_virtual":false,"bundle_layout":"default","bundle_add_to_cart_form_location":"default","bundle_editable_in_cart":false,"bundle_sold_individually_context":"product","bundle_item_grouping":"parent","bundle_min_size":"","bundle_max_size":"","bundle_price":{"price":{"min":{"incl_tax":"25.89","excl_tax":"20.71"},"max":{"incl_tax":"35.44","excl_tax":"28.35"}},"regular_price":{"min":{"incl_tax":"25.89","excl_tax":"20.71"},"max":{"incl_tax":"35.44","excl_tax":"28.35"}}},"bundled_items":[{"bundled_item_id":197,"product_id":3515,"menu_order":0,"quantity_min":1,"quantity_max":1,"quantity_default":1,"priced_individually":true,"shipped_individually":true,"override_title":false,"title":"CNC gravura","override_description":false,"description":"","optional":true,"hide_thumbnail":false,"discount":"","override_variations":false,"allowed_variations":[],"override_default_variation_attributes":false,"default_variation_attributes":[],"single_product_visibility":"visible","cart_visibility":"visible","order_visibility":"visible","single_product_price_visibility":"visible","cart_price_visibility":"visible","order_price_visibility":"visible","stock_status":"in_stock"},{"bundled_item_id":198,"product_id":3513,"menu_order":1,"quantity_min":1,"quantity_max":1,"quantity_default":1,"priced_individually":true,"shipped_individually":false,"override_title":false,"title":"F\u00fcllung mit dekorativer Holzwolle","override_description":false,"description":"","optional":true,"hide_thumbnail":false,"discount":"","override_variations":false,"allowed_variations":[],"override_default_variation_attributes":false,"default_variation_attributes":[],"single_product_visibility":"visible","cart_visibility":"visible","order_visibility":"visible","single_product_price_visibility":"visible","cart_price_visibility":"visible","order_price_visibility":"visible","stock_status":"in_stock"}],"bundle_sell_ids":[],"exclude_global_add_ons":[],"addons":[],"acf":[],"_links":{"self":[{"href":"https:\/\/kikaxdesign.hr\/de\/wp-json\/wp\/v2\/product\/3846","targetHints":{"allow":["GET"]}}],"collection":[{"href":"https:\/\/kikaxdesign.hr\/de\/wp-json\/wp\/v2\/product"}],"about":[{"href":"https:\/\/kikaxdesign.hr\/de\/wp-json\/wp\/v2\/types\/product"}],"wp:featuredmedia":[{"embeddable":true,"href":"https:\/\/kikaxdesign.hr\/de\/wp-json\/wp\/v2\/media\/3847"}],"wp:attachment":[{"href":"https:\/\/kikaxdesign.hr\/de\/wp-json\/wp\/v2\/media?parent=3846"}],"wp:term":[{"taxonomy":"product_brand","embeddable":true,"href":"https:\/\/kikaxdesign.hr\/de\/wp-json\/wp\/v2\/product_brand?post=3846"},{"taxonomy":"product_cat","embeddable":true,"href":"https:\/\/kikaxdesign.hr\/de\/wp-json\/wp\/v2\/product_cat?post=3846"},{"taxonomy":"product_tag","embeddable":true,"href":"https:\/\/kikaxdesign.hr\/de\/wp-json\/wp\/v2\/product_tag?post=3846"}],"curies":[{"name":"wp","href":"https:\/\/api.w.org\/{rel}","templated":true}]}}