{"id":3830,"date":"2025-10-11T22:44:34","date_gmt":"2025-10-11T20:44:34","guid":{"rendered":"https:\/\/kikaxdesign.hr\/?post_type=product&#038;p=3830"},"modified":"2025-12-12T12:08:50","modified_gmt":"2025-12-12T11:08:50","slug":"drbvena-kutija-za-satove-k-311sa1","status":"publish","type":"product","link":"https:\/\/kikaxdesign.hr\/de\/product\/drbvena-kutija-za-satove-k-311sa1\/","title":{"rendered":"Uhrenbox aus Holz K-311Sa1"},"content":{"rendered":"<p>Die Holzk\u00e4stchen f\u00fcr Armbanduhren werden aus massivem Ahorn gefertigt, handgebeizt und sind in drei Modellen erh\u00e4ltlich: f\u00fcr 1, 2 oder 4 Armbanduhren.<\/p>\n<p>Das 4-Stunden-Modell wird mit einem Glasdeckel geliefert. Alle Modelle k\u00f6nnen mit lasergravierten Widmungen versehen werden.<\/p>","protected":false},"excerpt":{"rendered":"<p>Hochwertige Holzbox mit eingen\u00e4htem Stoffeinsatz f\u00fcr 2 Uhren<\/p>","protected":false},"featured_media":3831,"template":"","meta":{"_acf_changed":false},"product_brand":[],"product_cat":[102],"product_tag":[],"class_list":{"0":"post-3830","1":"product","2":"type-product","3":"status-publish","4":"has-post-thumbnail","6":"product_cat-drvene-kutije-za-satove","8":"first","9":"instock","10":"taxable","11":"shipping-taxable","12":"product-type-bundle"},"bundled_by":[],"bundle_stock_status":"instock","bundle_stock_quantity":"","bundle_virtual":false,"bundle_layout":"default","bundle_add_to_cart_form_location":"default","bundle_editable_in_cart":false,"bundle_sold_individually_context":"product","bundle_item_grouping":"parent","bundle_min_size":"","bundle_max_size":"","bundle_price":{"price":{"min":{"incl_tax":"37.08","excl_tax":"29.66"},"max":{"incl_tax":"45.38","excl_tax":"36.3"}},"regular_price":{"min":{"incl_tax":"37.08","excl_tax":"29.66"},"max":{"incl_tax":"45.38","excl_tax":"36.3"}}},"bundled_items":[{"bundled_item_id":187,"product_id":3515,"menu_order":0,"quantity_min":1,"quantity_max":1,"quantity_default":1,"priced_individually":true,"shipped_individually":true,"override_title":false,"title":"Lasergravur von Logos oder Inschriften","override_description":false,"description":"","optional":true,"hide_thumbnail":false,"discount":"","override_variations":false,"allowed_variations":[],"override_default_variation_attributes":false,"default_variation_attributes":[],"single_product_visibility":"visible","cart_visibility":"visible","order_visibility":"visible","single_product_price_visibility":"visible","cart_price_visibility":"visible","order_price_visibility":"visible","stock_status":"in_stock"}],"bundle_sell_ids":[],"exclude_global_add_ons":[],"addons":[],"acf":[],"_links":{"self":[{"href":"https:\/\/kikaxdesign.hr\/de\/wp-json\/wp\/v2\/product\/3830","targetHints":{"allow":["GET"]}}],"collection":[{"href":"https:\/\/kikaxdesign.hr\/de\/wp-json\/wp\/v2\/product"}],"about":[{"href":"https:\/\/kikaxdesign.hr\/de\/wp-json\/wp\/v2\/types\/product"}],"wp:featuredmedia":[{"embeddable":true,"href":"https:\/\/kikaxdesign.hr\/de\/wp-json\/wp\/v2\/media\/3831"}],"wp:attachment":[{"href":"https:\/\/kikaxdesign.hr\/de\/wp-json\/wp\/v2\/media?parent=3830"}],"wp:term":[{"taxonomy":"product_brand","embeddable":true,"href":"https:\/\/kikaxdesign.hr\/de\/wp-json\/wp\/v2\/product_brand?post=3830"},{"taxonomy":"product_cat","embeddable":true,"href":"https:\/\/kikaxdesign.hr\/de\/wp-json\/wp\/v2\/product_cat?post=3830"},{"taxonomy":"product_tag","embeddable":true,"href":"https:\/\/kikaxdesign.hr\/de\/wp-json\/wp\/v2\/product_tag?post=3830"}],"curies":[{"name":"wp","href":"https:\/\/api.w.org\/{rel}","templated":true}]}}