{"id":3757,"date":"2025-10-11T21:00:01","date_gmt":"2025-10-11T19:00:01","guid":{"rendered":"https:\/\/kikaxdesign.hr\/?post_type=product&#038;p=3757"},"modified":"2025-12-12T12:07:54","modified_gmt":"2025-12-12T11:07:54","slug":"drvena-kutija-za-noz-kn-111m","status":"publish","type":"product","link":"https:\/\/kikaxdesign.hr\/de\/product\/drvena-kutija-za-noz-kn-111m\/","title":{"rendered":"Messerkasten aus Holz KN-111m"},"content":{"rendered":"<p>Messerk\u00e4sten aus Holz werden speziell f\u00fcr einzigartige handgefertigte Messer gefertigt und in zwei Gr\u00f6\u00dfen hergestellt. Das gr\u00f6\u00dfere Modell ist auch in einer hochwertigen, lackierten Ausf\u00fchrung aus massivem Ahorn mit Schwammeinsatz erh\u00e4ltlich.<\/p>","protected":false},"excerpt":{"rendered":"<p>Holzkiste f\u00fcr einzigartige handgefertigte Messer<\/p>","protected":false},"featured_media":5549,"template":"","meta":{"_acf_changed":false},"product_brand":[],"product_cat":[101],"product_tag":[],"class_list":{"0":"post-3757","1":"product","2":"type-product","3":"status-publish","4":"has-post-thumbnail","6":"product_cat-drvene-kutije-za-nozeve","8":"first","9":"instock","10":"taxable","11":"shipping-taxable","12":"product-type-bundle"},"bundled_by":[],"bundle_stock_status":"instock","bundle_stock_quantity":"","bundle_virtual":false,"bundle_layout":"default","bundle_add_to_cart_form_location":"default","bundle_editable_in_cart":false,"bundle_sold_individually_context":"product","bundle_item_grouping":"parent","bundle_min_size":"","bundle_max_size":"","bundle_price":{"price":{"min":{"incl_tax":"7.00","excl_tax":"5.60"},"max":{"incl_tax":"15.3","excl_tax":"12.24"}},"regular_price":{"min":{"incl_tax":"7.00","excl_tax":"5.60"},"max":{"incl_tax":"15.3","excl_tax":"12.24"}}},"bundled_items":[{"bundled_item_id":141,"product_id":3515,"menu_order":0,"quantity_min":1,"quantity_max":1,"quantity_default":1,"priced_individually":true,"shipped_individually":true,"override_title":false,"title":"Lasergravur von Logos oder Inschriften","override_description":false,"description":"","optional":true,"hide_thumbnail":false,"discount":"","override_variations":false,"allowed_variations":[],"override_default_variation_attributes":false,"default_variation_attributes":[],"single_product_visibility":"visible","cart_visibility":"visible","order_visibility":"visible","single_product_price_visibility":"visible","cart_price_visibility":"visible","order_price_visibility":"visible","stock_status":"in_stock"}],"bundle_sell_ids":[],"exclude_global_add_ons":[],"addons":[],"acf":[],"_links":{"self":[{"href":"https:\/\/kikaxdesign.hr\/de\/wp-json\/wp\/v2\/product\/3757","targetHints":{"allow":["GET"]}}],"collection":[{"href":"https:\/\/kikaxdesign.hr\/de\/wp-json\/wp\/v2\/product"}],"about":[{"href":"https:\/\/kikaxdesign.hr\/de\/wp-json\/wp\/v2\/types\/product"}],"wp:featuredmedia":[{"embeddable":true,"href":"https:\/\/kikaxdesign.hr\/de\/wp-json\/wp\/v2\/media\/5549"}],"wp:attachment":[{"href":"https:\/\/kikaxdesign.hr\/de\/wp-json\/wp\/v2\/media?parent=3757"}],"wp:term":[{"taxonomy":"product_brand","embeddable":true,"href":"https:\/\/kikaxdesign.hr\/de\/wp-json\/wp\/v2\/product_brand?post=3757"},{"taxonomy":"product_cat","embeddable":true,"href":"https:\/\/kikaxdesign.hr\/de\/wp-json\/wp\/v2\/product_cat?post=3757"},{"taxonomy":"product_tag","embeddable":true,"href":"https:\/\/kikaxdesign.hr\/de\/wp-json\/wp\/v2\/product_tag?post=3757"}],"curies":[{"name":"wp","href":"https:\/\/api.w.org\/{rel}","templated":true}]}}