{"id":3742,"date":"2025-10-11T20:36:50","date_gmt":"2025-10-11T18:36:50","guid":{"rendered":"https:\/\/kikaxdesign.hr\/?post_type=product&#038;p=3742"},"modified":"2025-12-12T12:07:03","modified_gmt":"2025-12-12T11:07:03","slug":"drvena-kutija-nosiljka-stalak-za-3x-med-kns-106-3m","status":"publish","type":"product","link":"https:\/\/kikaxdesign.hr\/de\/product\/drvena-kutija-nosiljka-stalak-za-3x-med-kns-106-3m\/","title":{"rendered":"Holzkisten-St\u00e4nder f\u00fcr 3x Honig KNS-106-3M"},"content":{"rendered":"<p>Holzst\u00e4nder f\u00fcr 2 und 3 Honiggl\u00e4ser in Standardgr\u00f6\u00dfe. Fertigung in anderen Gr\u00f6\u00dfen m\u00f6glich.<\/p>\n<p>Der Boxentr\u00e4ger verf\u00fcgt \u00fcber zwei Schlitze zum Aufh\u00e4ngen an der Wand und kann auch als K\u00fcchenschrank f\u00fcr zwei oder drei Honiggl\u00e4ser verwendet werden.<\/p>","protected":false},"excerpt":{"rendered":"<p>Holzregale f\u00fcr 2 und 3 Honiggl\u00e4ser in Standardgr\u00f6\u00dfe<\/p>","protected":false},"featured_media":3743,"template":"","meta":{"_acf_changed":false},"product_brand":[],"product_cat":[100],"product_tag":[],"class_list":{"0":"post-3742","1":"product","2":"type-product","3":"status-publish","4":"has-post-thumbnail","6":"product_cat-drvene-kutije-za-med","8":"first","9":"instock","10":"taxable","11":"shipping-taxable","12":"product-type-bundle"},"bundled_by":[],"bundle_stock_status":"instock","bundle_stock_quantity":"","bundle_virtual":false,"bundle_layout":"default","bundle_add_to_cart_form_location":"default","bundle_editable_in_cart":false,"bundle_sold_individually_context":"product","bundle_item_grouping":"parent","bundle_min_size":"","bundle_max_size":"","bundle_price":{"price":{"min":{"incl_tax":"12.00","excl_tax":"9.60"},"max":{"incl_tax":"20.3","excl_tax":"16.24"}},"regular_price":{"min":{"incl_tax":"12.00","excl_tax":"9.60"},"max":{"incl_tax":"20.3","excl_tax":"16.24"}}},"bundled_items":[{"bundled_item_id":131,"product_id":3515,"menu_order":0,"quantity_min":1,"quantity_max":1,"quantity_default":1,"priced_individually":true,"shipped_individually":true,"override_title":false,"title":"Lasergravur von Logos oder Inschriften","override_description":false,"description":"","optional":true,"hide_thumbnail":false,"discount":"","override_variations":false,"allowed_variations":[],"override_default_variation_attributes":false,"default_variation_attributes":[],"single_product_visibility":"visible","cart_visibility":"visible","order_visibility":"visible","single_product_price_visibility":"visible","cart_price_visibility":"visible","order_price_visibility":"visible","stock_status":"in_stock"}],"bundle_sell_ids":[],"exclude_global_add_ons":[],"addons":[],"acf":[],"_links":{"self":[{"href":"https:\/\/kikaxdesign.hr\/de\/wp-json\/wp\/v2\/product\/3742","targetHints":{"allow":["GET"]}}],"collection":[{"href":"https:\/\/kikaxdesign.hr\/de\/wp-json\/wp\/v2\/product"}],"about":[{"href":"https:\/\/kikaxdesign.hr\/de\/wp-json\/wp\/v2\/types\/product"}],"wp:featuredmedia":[{"embeddable":true,"href":"https:\/\/kikaxdesign.hr\/de\/wp-json\/wp\/v2\/media\/3743"}],"wp:attachment":[{"href":"https:\/\/kikaxdesign.hr\/de\/wp-json\/wp\/v2\/media?parent=3742"}],"wp:term":[{"taxonomy":"product_brand","embeddable":true,"href":"https:\/\/kikaxdesign.hr\/de\/wp-json\/wp\/v2\/product_brand?post=3742"},{"taxonomy":"product_cat","embeddable":true,"href":"https:\/\/kikaxdesign.hr\/de\/wp-json\/wp\/v2\/product_cat?post=3742"},{"taxonomy":"product_tag","embeddable":true,"href":"https:\/\/kikaxdesign.hr\/de\/wp-json\/wp\/v2\/product_tag?post=3742"}],"curies":[{"name":"wp","href":"https:\/\/api.w.org\/{rel}","templated":true}]}}