{"id":3707,"date":"2025-10-11T19:32:09","date_gmt":"2025-10-11T17:32:09","guid":{"rendered":"https:\/\/kikaxdesign.hr\/?post_type=product&#038;p=3707"},"modified":"2025-12-04T12:21:23","modified_gmt":"2025-12-04T11:21:23","slug":"drvena-kutija-za-caj-k-111s","status":"publish","type":"product","link":"https:\/\/kikaxdesign.hr\/de\/product\/drvena-kutija-za-caj-k-111s\/","title":{"rendered":"Teebox aus Holz K-111s"},"content":{"rendered":"<p>Die Teebox wird in zwei Gr\u00f6\u00dfen mit 9 bzw. 12 F\u00e4chern hergestellt, angepasst an die Standardbreite von Papierverpackungen f\u00fcr Teebeutel. Beide Varianten sind mit einem Glasdeckel versehen.<\/p>","protected":false},"excerpt":{"rendered":"<p>Die Teebox wird in zwei Gr\u00f6\u00dfen mit 9 bzw. 12 F\u00e4chern hergestellt, angepasst an die Standardbreite von Papierverpackungen f\u00fcr Teebeutel. Beide Varianten sind mit einem Glasdeckel versehen.<\/p>","protected":false},"featured_media":3708,"template":"","meta":{"_acf_changed":false},"product_brand":[],"product_cat":[69],"product_tag":[],"class_list":{"0":"post-3707","1":"product","2":"type-product","3":"status-publish","4":"has-post-thumbnail","6":"product_cat-drvene-kutije-za-cajeve","8":"first","9":"instock","10":"taxable","11":"shipping-taxable","12":"product-type-bundle"},"bundled_by":[],"bundle_stock_status":"instock","bundle_stock_quantity":"","bundle_virtual":false,"bundle_layout":"default","bundle_add_to_cart_form_location":"default","bundle_editable_in_cart":false,"bundle_sold_individually_context":"product","bundle_item_grouping":"parent","bundle_min_size":"","bundle_max_size":"","bundle_price":{"price":{"min":{"incl_tax":"10.14","excl_tax":"8.11"},"max":{"incl_tax":"19.69","excl_tax":"15.75"}},"regular_price":{"min":{"incl_tax":"10.14","excl_tax":"8.11"},"max":{"incl_tax":"19.69","excl_tax":"15.75"}}},"bundled_items":[{"bundled_item_id":109,"product_id":3515,"menu_order":0,"quantity_min":1,"quantity_max":1,"quantity_default":1,"priced_individually":true,"shipped_individually":true,"override_title":false,"title":"CNC gravura","override_description":false,"description":"","optional":true,"hide_thumbnail":false,"discount":"","override_variations":false,"allowed_variations":[],"override_default_variation_attributes":false,"default_variation_attributes":[],"single_product_visibility":"visible","cart_visibility":"visible","order_visibility":"visible","single_product_price_visibility":"visible","cart_price_visibility":"visible","order_price_visibility":"visible","stock_status":"in_stock"},{"bundled_item_id":110,"product_id":3513,"menu_order":1,"quantity_min":1,"quantity_max":1,"quantity_default":1,"priced_individually":true,"shipped_individually":false,"override_title":false,"title":"F\u00fcllung mit dekorativer Holzwolle","override_description":false,"description":"","optional":true,"hide_thumbnail":false,"discount":"","override_variations":false,"allowed_variations":[],"override_default_variation_attributes":false,"default_variation_attributes":[],"single_product_visibility":"visible","cart_visibility":"visible","order_visibility":"visible","single_product_price_visibility":"visible","cart_price_visibility":"visible","order_price_visibility":"visible","stock_status":"in_stock"}],"bundle_sell_ids":[],"exclude_global_add_ons":[],"addons":[],"acf":[],"_links":{"self":[{"href":"https:\/\/kikaxdesign.hr\/de\/wp-json\/wp\/v2\/product\/3707","targetHints":{"allow":["GET"]}}],"collection":[{"href":"https:\/\/kikaxdesign.hr\/de\/wp-json\/wp\/v2\/product"}],"about":[{"href":"https:\/\/kikaxdesign.hr\/de\/wp-json\/wp\/v2\/types\/product"}],"wp:featuredmedia":[{"embeddable":true,"href":"https:\/\/kikaxdesign.hr\/de\/wp-json\/wp\/v2\/media\/3708"}],"wp:attachment":[{"href":"https:\/\/kikaxdesign.hr\/de\/wp-json\/wp\/v2\/media?parent=3707"}],"wp:term":[{"taxonomy":"product_brand","embeddable":true,"href":"https:\/\/kikaxdesign.hr\/de\/wp-json\/wp\/v2\/product_brand?post=3707"},{"taxonomy":"product_cat","embeddable":true,"href":"https:\/\/kikaxdesign.hr\/de\/wp-json\/wp\/v2\/product_cat?post=3707"},{"taxonomy":"product_tag","embeddable":true,"href":"https:\/\/kikaxdesign.hr\/de\/wp-json\/wp\/v2\/product_tag?post=3707"}],"curies":[{"name":"wp","href":"https:\/\/api.w.org\/{rel}","templated":true}]}}