{"id":6274,"date":"2025-12-22T13:46:37","date_gmt":"2025-12-22T12:46:37","guid":{"rendered":"https:\/\/kikaxdesign.hr\/?page_id=6274"},"modified":"2025-12-22T13:48:23","modified_gmt":"2025-12-22T12:48:23","slug":"opci-uvjeti-poslovanja","status":"publish","type":"page","link":"https:\/\/kikaxdesign.hr\/de\/opci-uvjeti-poslovanja\/","title":{"rendered":"Allgemeine Gesch\u00e4ftsbedingungen"},"content":{"rendered":"<div data-elementor-type=\"wp-page\" data-elementor-id=\"6274\" class=\"elementor elementor-6274\" data-elementor-post-type=\"page\">\n\t\t\t\t\t\t<section data-particle_enable=\"false\" data-particle-mobile-disabled=\"false\" class=\"elementor-section elementor-top-section elementor-element elementor-element-71f073b elementor-section-boxed elementor-section-height-default elementor-section-height-default\" data-id=\"71f073b\" data-element_type=\"section\" data-settings=\"{&quot;background_background&quot;:&quot;gradient&quot;}\">\n\t\t\t\t\t\t\t<div class=\"elementor-background-overlay\"><\/div>\n\t\t\t\t\t\t\t<div class=\"elementor-container elementor-column-gap-default\">\n\t\t\t\t\t<div class=\"elementor-column elementor-col-50 elementor-top-column elementor-element elementor-element-c8bffc9\" data-id=\"c8bffc9\" data-element_type=\"column\">\n\t\t\t<div class=\"elementor-widget-wrap elementor-element-populated\">\n\t\t\t\t\t\t\t<\/div>\n\t\t<\/div>\n\t\t\t\t<div class=\"elementor-column elementor-col-50 elementor-top-column elementor-element elementor-element-c14c79f\" data-id=\"c14c79f\" data-element_type=\"column\">\n\t\t\t<div class=\"elementor-widget-wrap\">\n\t\t\t\t\t\t\t<\/div>\n\t\t<\/div>\n\t\t\t\t\t<\/div>\n\t\t<\/section>\n\t\t\t\t<section data-particle_enable=\"false\" data-particle-mobile-disabled=\"false\" class=\"elementor-section elementor-top-section elementor-element elementor-element-78b51273 elementor-section-boxed elementor-section-height-default elementor-section-height-default\" data-id=\"78b51273\" data-element_type=\"section\">\n\t\t\t\t\t\t<div class=\"elementor-container elementor-column-gap-default\">\n\t\t\t\t\t<div class=\"elementor-column elementor-col-100 elementor-top-column elementor-element elementor-element-1a99fa4d\" data-id=\"1a99fa4d\" data-element_type=\"column\">\n\t\t\t<div class=\"elementor-widget-wrap elementor-element-populated\">\n\t\t\t\t\t\t<div class=\"elementor-element elementor-element-1877ec05 elementor-widget elementor-widget-text-editor\" data-id=\"1877ec05\" data-element_type=\"widget\" data-widget_type=\"text-editor.default\">\n\t\t\t\t\t\t\t\t\t<p><h4>ALLGEMEINE GESCH\u00c4FTSBEDINGUNGEN<\/h4>Diese Allgemeinen Gesch\u00e4ftsbedingungen regeln das Verfahren f\u00fcr Bestellung, Zahlung, Lieferung und Reklamationen von Produkten, die auf der Website angeboten werden:<br>www.kikaxdesign.hr<br>Verk\u00e4ufer ist das Souvenir-Handwerksunternehmen &quot;Kikaxdesign&quot;, Brezje 45, Brezje, 40311 Lopatinec, OIB: 01990081486 (nachfolgend: das Handwerk), und K\u00e4ufer ist jede Person, die Produkte \u00fcber die Website www.kikaxdesign.hr bestellt.<br>________________________________________<br><h4>BESTELLUNG UND ZAHLUNG<\/h4>Der K\u00e4ufer kann die Zahlung wie folgt vornehmen:<br>1. Internetbanking<br>2. Kartenzahlung (Stripe \u2013 Zahlungsabwicklungsdienstleister)<br>Die Versandkosten sind nicht im Produktpreis enthalten, es sei denn, dies wird w\u00e4hrend des Kaufvorgangs ausdr\u00fccklich angegeben.<br>Die Sendung wird verschickt, sobald die Zahlung auf dem Konto der Souvenirwerkstatt \u201eKikaxdesign\u201c eingegangen ist.<br>________________________________________<br><h4>ZAHLUNGSSICHERHEIT<\/h4>Die Vertraulichkeit Ihrer Daten wird durch SSL-Verschl\u00fcsselung gesch\u00fctzt und gew\u00e4hrleistet. Die Zahlungsseiten sind durch das Secure Socket Layer (SSL)-Protokoll mit 128-Bit-Datenverschl\u00fcsselung gesichert.<br>Der Souvenirladen &quot;Kikaxdesign&quot; speichert keine Kreditkarteninformationen und diese sind auch nicht f\u00fcr Unbefugte zug\u00e4nglich.<br>________________________________________<br><h4>LIEFERUNG<\/h4>\u2022 Die Produkte werden so verpackt, dass die Gefahr von Transportsch\u00e4den minimiert wird.<br>\u2022 Der K\u00e4ufer ist verpflichtet, den Zustand der Sendung bei Erhalt zu \u00fcberpr\u00fcfen und etwaige Sch\u00e4den unverz\u00fcglich dem Zusteller zu melden.<br>\u2022 F\u00fcr Sch\u00e4den, die w\u00e4hrend des Transports entstehen, nachdem die Sendung an den Transportdienstleister \u00fcbergeben wurde, haftet das Schiff nicht, es sei denn, eine Zustellung ist nicht m\u00f6glich oder anderweitig angegeben.<br>Im Falle einer Annahmeverweigerung der Sendung ohne triftigen Grund beh\u00e4lt sich Craft das Recht vor, die entstandenen Lieferkosten in Rechnung zu stellen.<br>________________________________________<br><h4>BESCHWERDEN UND R\u00dcCKSENDUNGEN<\/h4>Der Kunde hat das Recht, sich \u00fcber das Produkt zu beschweren, wenn ein Materialfehler oder eine Funktionsst\u00f6rung des Produkts vorliegt.<br>Im Falle einer berechtigten Beschwerde:<br>\u2022 das Produkt wird durch ein neues ersetzt oder<br>\u2022 Der gezahlte Betrag wird zur\u00fcckerstattet<br>Die Kosten f\u00fcr die R\u00fccksendung mangelhafter Ware tr\u00e4gt die Souvenirwerkstatt \u201eKikaxdesign\u201c.<br>Die Produktabbildungen auf der Website k\u00f6nnen geringf\u00fcgig vom tats\u00e4chlichen Aussehen des Produkts abweichen.<br>________________________________________<br><h4>EINSEITIGE K\u00dcNDIGUNG DES VERTRAGS<\/h4>Gem\u00e4\u00df dem Verbraucherschutzgesetz hat der K\u00e4ufer das Recht, den Vertrag innerhalb von 14 Tagen ohne Angabe von Gr\u00fcnden einseitig zu k\u00fcndigen.<br>Die K\u00fcndigung muss per E-Mail oder Post erfolgen und folgenden Inhalt haben:<br>\u2022 Vor- und Nachname<br>\u2022 Adressen<br>\u2022 Kontaktinformationen<br>Die R\u00fcckerstattung erfolgt sp\u00e4testens 10 Tage nach Erhalt der zur\u00fcckgesandten Ware in einwandfreiem Zustand.<br>Die Kosten f\u00fcr die R\u00fccksendung der Ware tr\u00e4gt der Kunde, au\u00dfer im Falle eines defekten Produkts.<br>________________________________________<br><h4>ONLINE-STREITBEILEGUNG<\/h4>Gem\u00e4\u00df den EU-Vorschriften k\u00f6nnen Streitigkeiten im Zusammenhang mit Online-K\u00e4ufen \u00fcber die ODR-Plattform beigelegt werden:<br>http:\/\/ec.europa.eu\/odr<br>________________________________________<\/p>\n<p><h4>SCHUTZ PERSONENBEZOGENER DATEN<\/h4>Der Souvenirhersteller \u201eKikaxdesign\u201c verpflichtet sich, die Privatsph\u00e4re aller Kunden zu sch\u00fctzen und nur die f\u00fcr die Abwicklung der Bestellung notwendigen Daten zu erheben.<br>Alle Daten werden gem\u00e4\u00df den geltenden Datenschutzbestimmungen gespeichert.<br>________________________________________<br><h4>EINREICHUNG EINER BESCHWERDE<\/h4>Der Verbraucher kann eine schriftliche Beschwerde an folgende Adresse senden:<br>Souvenir-Workshop &quot;Kikaxdesign&quot;\u201e<br>Brezje 45, Brezje<br>40311 Lopatinec<br>Kroatien<br>kikaxdesign@gmail.com<br>Eine Antwort auf die Beschwerde wird innerhalb von 15 Tagen \u00fcbermittelt.<br>________________________________________<br><h4>GERICHTLICHE ZUST\u00c4NDIGKEIT<\/h4>Im Falle einer Streitigkeit ist das Gemeindegericht in \u010cakovec zust\u00e4ndig.<\/p>\t\t\t\t\t\t\t\t<\/div>\n\t\t\t\t\t<\/div>\n\t\t<\/div>\n\t\t\t\t\t<\/div>\n\t\t<\/section>\n\t\t\t\t<\/div>","protected":false},"excerpt":{"rendered":"<p>OP\u0106I UVJETI POSLOVANJA Ovim Op\u0107im uvjetima poslovanja utvr\u0111uju se postupak naru\u010divanja, pla\u0107anja, isporuke te reklamacije proizvoda koji su ponu\u0111eni na mre\u017enim stranicama:www.kikaxdesign.hrProdavatelj je Obrt za izradu suvenira \u201eKikaxdesign\u201c, Brezje 45, Brezje, 40311 Lopatinec, OIB: 01990081486 (u daljnjem tekstu: Obrt), a kupac je svaka osoba koja naru\u010duje proizvode putem web stranice www.kikaxdesign.hr.________________________________________ NARU\u010cIVANJE I PLA\u0106ANJE Kupac [&hellip;]<\/p>","protected":false},"author":1,"featured_media":0,"parent":0,"menu_order":0,"comment_status":"closed","ping_status":"closed","template":"elementor_header_footer","meta":{"_acf_changed":false,"footnotes":""},"class_list":["post-6274","page","type-page","status-publish","hentry"],"acf":[],"_links":{"self":[{"href":"https:\/\/kikaxdesign.hr\/de\/wp-json\/wp\/v2\/pages\/6274","targetHints":{"allow":["GET"]}}],"collection":[{"href":"https:\/\/kikaxdesign.hr\/de\/wp-json\/wp\/v2\/pages"}],"about":[{"href":"https:\/\/kikaxdesign.hr\/de\/wp-json\/wp\/v2\/types\/page"}],"author":[{"embeddable":true,"href":"https:\/\/kikaxdesign.hr\/de\/wp-json\/wp\/v2\/users\/1"}],"replies":[{"embeddable":true,"href":"https:\/\/kikaxdesign.hr\/de\/wp-json\/wp\/v2\/comments?post=6274"}],"version-history":[{"count":0,"href":"https:\/\/kikaxdesign.hr\/de\/wp-json\/wp\/v2\/pages\/6274\/revisions"}],"wp:attachment":[{"href":"https:\/\/kikaxdesign.hr\/de\/wp-json\/wp\/v2\/media?parent=6274"}],"curies":[{"name":"wp","href":"https:\/\/api.w.org\/{rel}","templated":true}]}}