{"id":6269,"date":"2025-12-22T12:58:53","date_gmt":"2025-12-22T11:58:53","guid":{"rendered":"https:\/\/kikaxdesign.hr\/?page_id=6269"},"modified":"2025-12-22T13:41:59","modified_gmt":"2025-12-22T12:41:59","slug":"politika-privatnosti-i-kolacici","status":"publish","type":"page","link":"https:\/\/kikaxdesign.hr\/de\/politika-privatnosti-i-kolacici\/","title":{"rendered":"Datenschutzbestimmungen und Cookies"},"content":{"rendered":"<div data-elementor-type=\"wp-page\" data-elementor-id=\"6269\" class=\"elementor elementor-6269\" data-elementor-post-type=\"page\">\n\t\t\t\t\t\t<section data-particle_enable=\"false\" data-particle-mobile-disabled=\"false\" class=\"elementor-section elementor-top-section elementor-element elementor-element-71f073b elementor-section-boxed elementor-section-height-default elementor-section-height-default\" data-id=\"71f073b\" data-element_type=\"section\" data-settings=\"{&quot;background_background&quot;:&quot;gradient&quot;}\">\n\t\t\t\t\t\t\t<div class=\"elementor-background-overlay\"><\/div>\n\t\t\t\t\t\t\t<div class=\"elementor-container elementor-column-gap-default\">\n\t\t\t\t\t<div class=\"elementor-column elementor-col-50 elementor-top-column elementor-element elementor-element-c8bffc9\" data-id=\"c8bffc9\" data-element_type=\"column\">\n\t\t\t<div class=\"elementor-widget-wrap elementor-element-populated\">\n\t\t\t\t\t\t\t<\/div>\n\t\t<\/div>\n\t\t\t\t<div class=\"elementor-column elementor-col-50 elementor-top-column elementor-element elementor-element-c14c79f\" data-id=\"c14c79f\" data-element_type=\"column\">\n\t\t\t<div class=\"elementor-widget-wrap\">\n\t\t\t\t\t\t\t<\/div>\n\t\t<\/div>\n\t\t\t\t\t<\/div>\n\t\t<\/section>\n\t\t\t\t<section data-particle_enable=\"false\" data-particle-mobile-disabled=\"false\" class=\"elementor-section elementor-top-section elementor-element elementor-element-78b51273 elementor-section-boxed elementor-section-height-default elementor-section-height-default\" data-id=\"78b51273\" data-element_type=\"section\">\n\t\t\t\t\t\t<div class=\"elementor-container elementor-column-gap-default\">\n\t\t\t\t\t<div class=\"elementor-column elementor-col-100 elementor-top-column elementor-element elementor-element-1a99fa4d\" data-id=\"1a99fa4d\" data-element_type=\"column\">\n\t\t\t<div class=\"elementor-widget-wrap elementor-element-populated\">\n\t\t\t\t\t\t<div class=\"elementor-element elementor-element-1877ec05 elementor-widget elementor-widget-text-editor\" data-id=\"1877ec05\" data-element_type=\"widget\" data-widget_type=\"text-editor.default\">\n\t\t\t\t\t\t\t\t\t<p>(Datenschutzrichtlinie \u2013 DSGVO)<\/p><p>Souvenirherstellung Kunsthandwerk &quot;Kikaxdesign&quot;,<br \/>Brezje 45, Brezje, 40311 Lopatinec, Kroatien<br \/>Umsatzsteuer-Identifikationsnummer: 01990081486<br \/>(nachfolgend als \u201eHandel\u201c bezeichnet)<\/p><p>verpflichtet sich, die Privatsph\u00e4re und die personenbezogenen Daten seiner Kunden und Nutzer zu sch\u00fctzen und nur solche Daten zu erheben, die zur Erf\u00fcllung vertraglicher, gesch\u00e4ftlicher und rechtlicher Verpflichtungen erforderlich sind.<\/p><p>Der Craft-Webshop ist \u00fcber die offizielle Website erreichbar.<\/p><p>Das Unternehmen arbeitet in \u00dcbereinstimmung mit den geltenden Vorschriften der Republik Kroatien und der Europ\u00e4ischen Union, einschlie\u00dflich der Verordnung (EU) 2016\/679 \u2013 Datenschutz-Grundverordnung (DSGVO).<\/p><h4>1. ZWECK UND GELTUNGSBEREICH DER DATENSCHUTZRICHTLINIE<\/h4><p>Diese Datenschutzerkl\u00e4rung erl\u00e4utert, wie Kikaxdesign Souvenir Craft die personenbezogenen Daten von Kunden, potenziellen Kunden und Website-Besuchern sammelt, verarbeitet und sch\u00fctzt.<\/p><p>Die Richtlinie gilt f\u00fcr erhobene Daten:<\/p><p>beim Kauf eines Produkts<\/p><p>per Kontaktformular oder E-Mail<\/p><p>bei der Kommunikation mit Nutzern<\/p><p>\u00fcber die Website<\/p><h4>2. Verantwortlicher f\u00fcr die Verarbeitung personenbezogener Daten<\/h4><p>Der Verantwortliche f\u00fcr die Verarbeitung personenbezogener Daten ist:<\/p><p>Souvenir-Workshop &quot;Kikaxdesign&quot;\u201e<br \/>Brezje 45, Brezje<br \/>40311 Lopatinec<br \/>Kroatien<\/p><p>\ud83d\udce7 E-Mail f\u00fcr Anfragen zum Thema Datenschutz:<br \/>kikaxdesign@gmail.com<\/p><h4>3. VON UNS ERFASSTE PERSONENBEZOGENE DATEN<\/h4><p>Personenbezogene Daten sind alle Informationen, die sich auf eine identifizierte oder identifizierbare nat\u00fcrliche Person beziehen.<\/p><p>Das Flugger\u00e4t kann folgende Daten erfassen und verarbeiten:<\/p><p>Vor- und Nachname<\/p><p>Lieferadresse<\/p><p>E-Mail-Adresse<\/p><p>Telefonnummer<\/p><p>Bestell- und Rechnungsinformationen<\/p><p>Zahlungsinformationen (ohne Speicherung von Kartendaten)<\/p><p>Daten aus freiwillig ausgef\u00fcllten Formularen<\/p><p>Das Unternehmen erhebt keine besonderen Kategorien personenbezogener Daten (Gesundheitsdaten, biometrische Daten, politische Daten, religi\u00f6se Daten usw.).<\/p><h4>4. Rechtsgrundlage f\u00fcr die Verarbeitung personenbezogener Daten<\/h4><p>Die Verarbeitung personenbezogener Daten erfolgt auf folgender Grundlage:<\/p><p>4.1. Vertragliche und gesetzliche Verpflichtungen<\/p><p>Die Daten sind f\u00fcr die Durchf\u00fchrung des Kaufvertrags erforderlich (Lieferung, Rechnungsstellung, Aufbewahrung von Gesch\u00e4ftsunterlagen).<\/p><p>Wenn der Nutzer die erforderlichen Informationen nicht bereitstellt, kann Obrt die Bestellung nicht annehmen.<\/p><p>4.2. Berechtigtes Interesse<\/p><p>Die Daten k\u00f6nnen zu folgenden Zwecken verarbeitet werden:<\/p><p>Verbesserungen der Benutzererfahrung<\/p><p>Statistische Analyse der Website-Nutzung<\/p><p>schnellerer Kundensupport<\/p><p>4.3. Einwilligung des Nutzers<\/p><p>Die Einwilligung wird verwendet f\u00fcr:<\/p><p>Newsletter<\/p><p>Werbebenachrichtigungen<\/p><p>Die Einwilligung kann jederzeit durch Senden einer Anfrage an widerrufen werden.<br \/>\ud83d\udce7 kikaxdesign@gmail.com<\/p><h4>5. DATENSPEICHERDAUER<\/h4><p>Es werden personenbezogene Daten gespeichert:<\/p><p>in \u00dcbereinstimmung mit den gesetzlichen Verpflichtungen (Rechnungslegungs- und Steuervorschriften)<\/p><p>f\u00fcr die Dauer des Vertragsverh\u00e4ltnisses<\/p><p>nicht l\u00e4nger als 5 Jahre nach Beendigung der Beziehung, es sei denn, das Gesetz schreibt etwas anderes vor.<\/p><h4>bis zum Widerruf der Einwilligung (zu Marketingzwecken)<\/h4><h4>6. Vertragsdatenverarbeitung<\/h4><p>Das Unternehmen kann personenbezogene Daten ausschlie\u00dflich zum Zweck der Erbringung der Dienstleistung an vertrauensw\u00fcrdige Dritte weitergeben, beispielsweise:<\/p><p>Lieferdienste<\/p><p>Buchhaltungsdienstleistungen<\/p><p>IT- und Hosting-Dienstleister<\/p><p>Zahlungsabwickler (z. B. Stripe)<\/p><p>Alle Auftragsverarbeiter sind verpflichtet, die Bestimmungen der DSGVO einzuhalten.<\/p><h4>7. Wahlfreiheit<\/h4><p>Der Nutzer entscheidet selbst, welche Daten er teilen m\u00f6chte. Werden die erforderlichen Daten nicht angegeben, kann dies die Nutzung bestimmter Webshop-Dienste verhindern.<\/p><h4>8. AUTOMATISCHE ERFASSUNG NICHT-PERSONENBEZOGENER DATEN<\/h4><p>Beim Besuch der Website werden automatisch nicht personenbezogene Daten (z. B. Besuchszeitpunkt, angesehene Seiten) erfasst, die ausschlie\u00dflich f\u00fcr statistische Zwecke und zur Verbesserung des Service verwendet werden.<\/p><h4>9. KEKSE<\/h4><p>Die Website verwendet:<\/p><p>notwendige Cookies<\/p><p>analytische und funktionale Cookies<\/p><p>Der Nutzer kann Cookies \u00fcber die Browsereinstellungen verwalten. Weitere Informationen finden Sie in der Cookie-Richtlinie.<\/p><h4>10. DATENSICHERHEIT<\/h4><p>Das Unternehmen setzt technische und organisatorische Ma\u00dfnahmen ein, um personenbezogene Daten vor unberechtigtem Zugriff, Verlust oder Missbrauch zu sch\u00fctzen.<\/p><h4>11. NUTZERRECHTE<\/h4><p>Nutzer haben das Recht:<\/p><p>um auf Daten zuzugreifen<\/p><p>zur Korrektur<\/p><p>zur L\u00f6schung (\u201eRecht auf Vergessenwerden\u201c)<\/p><p>um die Verarbeitung einzuschr\u00e4nken<\/p><p>zum Einwand<\/p><p>Einwilligung widerrufen<\/p><p>Um Ihre Rechte auszu\u00fcben, wenden Sie sich bitte an:<br \/>\ud83d\udce7 kikaxdesign@gmail.com<\/p><h4>12. Beschwerderecht<\/h4><p>Der Nutzer hat das Recht, eine Beschwerde bei der zust\u00e4ndigen Beh\u00f6rde einzureichen:<\/p><p>Agentur f\u00fcr den Schutz personenbezogener Daten (AZOP)<br \/>Dorfstra\u00dfe 136<br \/>10000 Zagreb<br \/>www.azop.hr<\/p><h4>13. \u00c4nderungen der Datenschutzrichtlinie<\/h4><p>Obrt beh\u00e4lt sich das Recht vor, diese Datenschutzrichtlinie zu \u00e4ndern. \u00c4nderungen werden auf der Website ver\u00f6ffentlicht.<\/p>\t\t\t\t\t\t\t\t<\/div>\n\t\t\t\t\t<\/div>\n\t\t<\/div>\n\t\t\t\t\t<\/div>\n\t\t<\/section>\n\t\t\t\t<\/div>","protected":false},"excerpt":{"rendered":"<p>(Politika obrade osobnih podataka \u2013 GDPR) Obrt za izradu suvenira \u201eKikaxdesign\u201c,Brezje 45, Brezje, 40311 Lopatinec, HrvatskaOIB: 01990081486(u daljnjem tekstu: Obrt) obvezuje se \u0161tititi privatnost i osobne podatke svojih kupaca i korisnika, prikupljaju\u0107i isklju\u010divo one podatke koji su nu\u017eni za ispunjenje ugovornih, poslovnih i zakonskih obveza. Web shop Obrta dostupan je putem slu\u017ebene internetske stranice. Obrt [&hellip;]<\/p>","protected":false},"author":1,"featured_media":0,"parent":0,"menu_order":0,"comment_status":"closed","ping_status":"closed","template":"elementor_header_footer","meta":{"_acf_changed":false,"footnotes":""},"class_list":["post-6269","page","type-page","status-publish","hentry"],"acf":[],"_links":{"self":[{"href":"https:\/\/kikaxdesign.hr\/de\/wp-json\/wp\/v2\/pages\/6269","targetHints":{"allow":["GET"]}}],"collection":[{"href":"https:\/\/kikaxdesign.hr\/de\/wp-json\/wp\/v2\/pages"}],"about":[{"href":"https:\/\/kikaxdesign.hr\/de\/wp-json\/wp\/v2\/types\/page"}],"author":[{"embeddable":true,"href":"https:\/\/kikaxdesign.hr\/de\/wp-json\/wp\/v2\/users\/1"}],"replies":[{"embeddable":true,"href":"https:\/\/kikaxdesign.hr\/de\/wp-json\/wp\/v2\/comments?post=6269"}],"version-history":[{"count":0,"href":"https:\/\/kikaxdesign.hr\/de\/wp-json\/wp\/v2\/pages\/6269\/revisions"}],"wp:attachment":[{"href":"https:\/\/kikaxdesign.hr\/de\/wp-json\/wp\/v2\/media?parent=6269"}],"curies":[{"name":"wp","href":"https:\/\/api.w.org\/{rel}","templated":true}]}}