{"id":54,"date":"2025-07-09T11:02:46","date_gmt":"2025-07-09T09:02:46","guid":{"rendered":"https:\/\/kikaxdesign.hr\/?page_id=54"},"modified":"2025-12-18T14:46:42","modified_gmt":"2025-12-18T13:46:42","slug":"o_nama","status":"publish","type":"page","link":"https:\/\/kikaxdesign.hr\/de\/o_nama\/","title":{"rendered":"\u00dcber uns"},"content":{"rendered":"<div data-elementor-type=\"wp-page\" data-elementor-id=\"54\" class=\"elementor elementor-54\" data-elementor-post-type=\"page\">\n\t\t\t\t\t\t<section data-particle_enable=\"false\" data-particle-mobile-disabled=\"false\" class=\"elementor-section elementor-top-section elementor-element elementor-element-71f073b elementor-section-boxed elementor-section-height-default elementor-section-height-default\" data-id=\"71f073b\" data-element_type=\"section\" data-settings=\"{&quot;background_background&quot;:&quot;gradient&quot;}\">\n\t\t\t\t\t\t\t<div class=\"elementor-background-overlay\"><\/div>\n\t\t\t\t\t\t\t<div class=\"elementor-container elementor-column-gap-default\">\n\t\t\t\t\t<div class=\"elementor-column elementor-col-50 elementor-top-column elementor-element elementor-element-c8bffc9\" data-id=\"c8bffc9\" data-element_type=\"column\">\n\t\t\t<div class=\"elementor-widget-wrap elementor-element-populated\">\n\t\t\t\t\t\t\t<\/div>\n\t\t<\/div>\n\t\t\t\t<div class=\"elementor-column elementor-col-50 elementor-top-column elementor-element elementor-element-c14c79f\" data-id=\"c14c79f\" data-element_type=\"column\">\n\t\t\t<div class=\"elementor-widget-wrap\">\n\t\t\t\t\t\t\t<\/div>\n\t\t<\/div>\n\t\t\t\t\t<\/div>\n\t\t<\/section>\n\t\t\t\t<section data-particle_enable=\"false\" data-particle-mobile-disabled=\"false\" class=\"elementor-section elementor-top-section elementor-element elementor-element-78b51273 elementor-section-boxed elementor-section-height-default elementor-section-height-default\" data-id=\"78b51273\" data-element_type=\"section\">\n\t\t\t\t\t\t<div class=\"elementor-container elementor-column-gap-default\">\n\t\t\t\t\t<div class=\"elementor-column elementor-col-50 elementor-top-column elementor-element elementor-element-3dba16b1\" data-id=\"3dba16b1\" data-element_type=\"column\">\n\t\t\t<div class=\"elementor-widget-wrap elementor-element-populated\">\n\t\t\t\t\t\t<div class=\"elementor-element elementor-element-3819308b elementor-widget elementor-widget-heading\" data-id=\"3819308b\" data-element_type=\"widget\" data-widget_type=\"heading.default\">\n\t\t\t\t\t<h2 class=\"elementor-heading-title elementor-size-default\">Wer wir sind und was wir f\u00fcr Sie tun k\u00f6nnen<\/h2>\t\t\t\t<\/div>\n\t\t\t\t<div class=\"elementor-element elementor-element-db9c601 elementor-widget elementor-widget-image\" data-id=\"db9c601\" data-element_type=\"widget\" data-widget_type=\"image.default\">\n\t\t\t\t\t\t\t\t\t\t\t\t\t\t\t<img fetchpriority=\"high\" decoding=\"async\" width=\"1000\" height=\"614\" src=\"https:\/\/kikaxdesign.hr\/wp-content\/uploads\/2025\/12\/Ured-recolored.jpg\" class=\"attachment-full size-full wp-image-5930\" alt=\"\" srcset=\"https:\/\/kikaxdesign.hr\/wp-content\/uploads\/2025\/12\/Ured-recolored.jpg 1000w, https:\/\/kikaxdesign.hr\/wp-content\/uploads\/2025\/12\/Ured-recolored-600x368.jpg 600w, https:\/\/kikaxdesign.hr\/wp-content\/uploads\/2025\/12\/Ured-recolored-300x184.jpg 300w, https:\/\/kikaxdesign.hr\/wp-content\/uploads\/2025\/12\/Ured-recolored-768x472.jpg 768w\" sizes=\"(max-width: 1000px) 100vw, 1000px\" \/>\t\t\t\t\t\t\t\t\t\t\t\t\t\t\t<\/div>\n\t\t\t\t<div class=\"elementor-element elementor-element-83217d2 elementor-widget__width-initial elementor-widget elementor-widget-image\" data-id=\"83217d2\" data-element_type=\"widget\" data-widget_type=\"image.default\">\n\t\t\t\t\t\t\t\t\t\t\t\t\t\t\t<img decoding=\"async\" width=\"800\" height=\"534\" src=\"https:\/\/kikaxdesign.hr\/wp-content\/uploads\/2025\/12\/primjer1.jpg\" class=\"attachment-large size-large wp-image-5973\" alt=\"\" srcset=\"https:\/\/kikaxdesign.hr\/wp-content\/uploads\/2025\/12\/primjer1.jpg 1024w, https:\/\/kikaxdesign.hr\/wp-content\/uploads\/2025\/12\/primjer1-600x400.jpg 600w, https:\/\/kikaxdesign.hr\/wp-content\/uploads\/2025\/12\/primjer1-300x200.jpg 300w, https:\/\/kikaxdesign.hr\/wp-content\/uploads\/2025\/12\/primjer1-768x512.jpg 768w\" sizes=\"(max-width: 800px) 100vw, 800px\" \/>\t\t\t\t\t\t\t\t\t\t\t\t\t\t\t<\/div>\n\t\t\t\t\t<\/div>\n\t\t<\/div>\n\t\t\t\t<div class=\"elementor-column elementor-col-50 elementor-top-column elementor-element elementor-element-1a99fa4d\" data-id=\"1a99fa4d\" data-element_type=\"column\">\n\t\t\t<div class=\"elementor-widget-wrap elementor-element-populated\">\n\t\t\t\t\t\t<div class=\"elementor-element elementor-element-1d0c23cf elementor-widget elementor-widget-text-editor\" data-id=\"1d0c23cf\" data-element_type=\"widget\" data-widget_type=\"text-editor.default\">\n\t\t\t\t\t\t\t\t\t<p><strong><em>KIKAXDESIGN ist ein Handwerk mit einer achtzehnj\u00e4hrigen Tradition in der Herstellung von Holzkisten und ist das einzige spezialisierte Handwerk f\u00fcr die Herstellung von Holzkisten in Kroatien und der Region.<\/em><\/strong><\/p><p>Wir haben uns voll und ganz der Herstellung erstklassiger Holzkisten verschrieben, in denen Ihre Produkte hochwertig pr\u00e4sentiert werden und dadurch einen Mehrwert erhalten.<\/p>\t\t\t\t\t\t\t\t<\/div>\n\t\t\t\t<div class=\"elementor-element elementor-element-1877ec05 elementor-widget elementor-widget-text-editor\" data-id=\"1877ec05\" data-element_type=\"widget\" data-widget_type=\"text-editor.default\">\n\t\t\t\t\t\t\t\t\t<p>Als Familienunternehmen sind wir sehr flexibel und passen uns schnell und unkompliziert allen Kundenw\u00fcnschen an \u2013 von Sonderanfertigungen in kleinen Mengen bis hin zur schnellen Lieferung gro\u00dfer Warenmengen. Gerne setzen wir Ihre Ideen in die Tat um. Dar\u00fcber hinaus halten wir stets eine Auswahl unserer meistverkauften Holzkisten zur sofortigen Lieferung in unserem Lager bereit. Zus\u00e4tzlich bieten wir Ihnen die Entwicklung eines Prototyps f\u00fcr Ihre Produktkiste an, inklusive Prototypenerstellung und Serienproduktion.<\/p><p>Wir legen besonderen Wert auf die hohe Qualit\u00e4t unserer Boxen. Einige Modelle zeichnen sich durch einen sehr hohen Anteil an Handarbeit unserer Handwerker aus und sind daher nahezu Unikate. Wir sind stolz auf die hochwertige Zinkverbindung des Boxenkorpus, die Stabilit\u00e4t, Festigkeit und Langlebigkeit garantiert. Dar\u00fcber hinaus verwenden wir ausschlie\u00dflich hochwertige, korrosionsgesch\u00fctzte, verchromte Metallbeschl\u00e4ge, die wir verschrauben und nicht vernageln. So bleibt der Deckel auch nach tausendfachem \u00d6ffnen und Schlie\u00dfen fest an seinem Platz. F\u00fcr unsere Boxen verwenden wir Holz aus kroatischen W\u00e4ldern, weshalb wir mit Fug und Recht behaupten k\u00f6nnen, dass alle unsere Produkte ganz ''Made in Croatia'' sind.<strong>.<\/strong>\u201c&quot;.<\/p><p>In unserer eigenen modernen, 240 Quadratmeter gro\u00dfen Halle fertigen wir Kisten und andere Holzprodukte. Zur Ausstattung geh\u00f6ren eine abgerundete Fertigungslinie, CO2-Lasermaschinen, mit denen Massivholz bis zu 15 mm oder Sperrholz bis zu 8 mm Dicke geschnitten werden kann, f\u00fcr maximale Produktabmessungen von 160 \u00d7 120 cm, eine CNC-3D-Gravurmaschine mit einer Arbeitsfl\u00e4che von 80 \u00d7 70 cm sowie weitere professionelle Maschinen, die f\u00fcr die Holzverarbeitung notwendig sind.<\/p><p>Kleinere Pakete liefern wir per Paketdienst (GLS; DPD) an die Wohnadresse, gr\u00f6\u00dfere Warenmengen verpacken wir und versenden sie auf Paletten (Lagermax).<\/p><p>Neben dem kroatischen Markt exportieren wir unsere Produkte in zahlreiche europ\u00e4ische L\u00e4nder, darunter Lettland, Finnland, Frankreich, die Schweiz, England, Deutschland sowie die Nachbarl\u00e4nder Italien, \u00d6sterreich und Slowenien. Unsere langj\u00e4hrige, erfolgreiche Zusammenarbeit mit renommierten kroatischen und internationalen Unternehmen spricht f\u00fcr die Qualit\u00e4t unserer Dienstleistungen und Produkte, unser Engagement und die termingerechte Lieferung der Waren.<\/p>\t\t\t\t\t\t\t\t<\/div>\n\t\t\t\t<div class=\"elementor-element elementor-element-fac2c89 elementor-widget elementor-widget-image-carousel\" data-id=\"fac2c89\" data-element_type=\"widget\" data-settings=\"{&quot;slides_to_show&quot;:&quot;4&quot;,&quot;navigation&quot;:&quot;none&quot;,&quot;image_spacing_custom&quot;:{&quot;unit&quot;:&quot;px&quot;,&quot;size&quot;:50,&quot;sizes&quot;:[]},&quot;autoplay&quot;:&quot;yes&quot;,&quot;pause_on_hover&quot;:&quot;yes&quot;,&quot;pause_on_interaction&quot;:&quot;yes&quot;,&quot;autoplay_speed&quot;:5000,&quot;infinite&quot;:&quot;yes&quot;,&quot;speed&quot;:500,&quot;image_spacing_custom_tablet&quot;:{&quot;unit&quot;:&quot;px&quot;,&quot;size&quot;:&quot;&quot;,&quot;sizes&quot;:[]},&quot;image_spacing_custom_mobile&quot;:{&quot;unit&quot;:&quot;px&quot;,&quot;size&quot;:&quot;&quot;,&quot;sizes&quot;:[]}}\" data-widget_type=\"image-carousel.default\">\n\t\t\t\t\t\t\t<div class=\"elementor-image-carousel-wrapper swiper\" role=\"region\" aria-roledescription=\"carousel\" aria-label=\"Bilderkarussell\" dir=\"ltr\">\n\t\t\t<div class=\"elementor-image-carousel swiper-wrapper\" aria-live=\"off\">\n\t\t\t\t\t\t\t\t<div class=\"swiper-slide\" role=\"group\" aria-roledescription=\"slide\" aria-label=\"1 von 6\"><figure class=\"swiper-slide-inner\"><img decoding=\"async\" class=\"swiper-slide-image\" src=\"https:\/\/kikaxdesign.hr\/wp-content\/uploads\/2025\/07\/JAMESON-01.png\" alt=\"JAMESON-01\" \/><\/figure><\/div><div class=\"swiper-slide\" role=\"group\" aria-roledescription=\"slide\" aria-label=\"2 von 6\"><figure class=\"swiper-slide-inner\"><img decoding=\"async\" class=\"swiper-slide-image\" src=\"https:\/\/kikaxdesign.hr\/wp-content\/uploads\/2025\/07\/ELASTOMERI-01.png\" alt=\"ELASTOMERI-01\" \/><\/figure><\/div><div class=\"swiper-slide\" role=\"group\" aria-roledescription=\"slide\" aria-label=\"3 von 6\"><figure class=\"swiper-slide-inner\"><img decoding=\"async\" class=\"swiper-slide-image\" src=\"https:\/\/kikaxdesign.hr\/wp-content\/uploads\/2025\/07\/AURA-01.png\" alt=\"AURA-01\" \/><\/figure><\/div><div class=\"swiper-slide\" role=\"group\" aria-roledescription=\"slide\" aria-label=\"4 von 6\"><figure class=\"swiper-slide-inner\"><img decoding=\"async\" class=\"swiper-slide-image\" src=\"https:\/\/kikaxdesign.hr\/wp-content\/uploads\/2025\/07\/Gavrilovic-01.png\" alt=\"Gavrilovic-01\" \/><\/figure><\/div><div class=\"swiper-slide\" role=\"group\" aria-roledescription=\"slide\" aria-label=\"5 von 6\"><figure class=\"swiper-slide-inner\"><img decoding=\"async\" class=\"swiper-slide-image\" src=\"https:\/\/kikaxdesign.hr\/wp-content\/uploads\/2025\/07\/OSIJEK-KOTEKS-01.png\" alt=\"OSIJEK-KOTEKS-01\" \/><\/figure><\/div><div class=\"swiper-slide\" role=\"group\" aria-roledescription=\"slide\" aria-label=\"6 von 6\"><figure class=\"swiper-slide-inner\"><img decoding=\"async\" class=\"swiper-slide-image\" src=\"https:\/\/kikaxdesign.hr\/wp-content\/uploads\/2025\/07\/ltf-logo-313.png\" alt=\"ltf-logo-313\" \/><\/figure><\/div>\t\t\t<\/div>\n\t\t\t\t\t\t\t\n\t\t\t\t\t\t\t\t\t<\/div>\n\t\t\t\t\t\t<\/div>\n\t\t\t\t\t<\/div>\n\t\t<\/div>\n\t\t\t\t\t<\/div>\n\t\t<\/section>\n\t\t\t\t<\/div>","protected":false},"excerpt":{"rendered":"<p>Tko smo i \u0161to sve mo\u017eemo u\u010diniti za Vas KIKAXDESIGN je obrt sa osamnaestogodi\u0161njom tradicijom u proizvodnji drvenih kutija i jedini je takav specijalizirani obrt za proizvodnju drvenih kutija u Hrvatskoj i regiji. U potpunosti smo posve\u0107eni izradi vrhunskih drvenih kutija u kojima \u0107e Va\u0161i proizvodi biti kvalitetno prezentirani \u0161to \u0107e im dati dodanu vrijednost. [&hellip;]<\/p>","protected":false},"author":1,"featured_media":0,"parent":0,"menu_order":0,"comment_status":"closed","ping_status":"closed","template":"elementor_header_footer","meta":{"_acf_changed":false,"footnotes":""},"class_list":["post-54","page","type-page","status-publish","hentry"],"acf":[],"_links":{"self":[{"href":"https:\/\/kikaxdesign.hr\/de\/wp-json\/wp\/v2\/pages\/54","targetHints":{"allow":["GET"]}}],"collection":[{"href":"https:\/\/kikaxdesign.hr\/de\/wp-json\/wp\/v2\/pages"}],"about":[{"href":"https:\/\/kikaxdesign.hr\/de\/wp-json\/wp\/v2\/types\/page"}],"author":[{"embeddable":true,"href":"https:\/\/kikaxdesign.hr\/de\/wp-json\/wp\/v2\/users\/1"}],"replies":[{"embeddable":true,"href":"https:\/\/kikaxdesign.hr\/de\/wp-json\/wp\/v2\/comments?post=54"}],"version-history":[{"count":0,"href":"https:\/\/kikaxdesign.hr\/de\/wp-json\/wp\/v2\/pages\/54\/revisions"}],"wp:attachment":[{"href":"https:\/\/kikaxdesign.hr\/de\/wp-json\/wp\/v2\/media?parent=54"}],"curies":[{"name":"wp","href":"https:\/\/api.w.org\/{rel}","templated":true}]}}